{"id":342,"date":"2025-11-15T13:23:22","date_gmt":"2025-11-15T13:23:22","guid":{"rendered":"https:\/\/yourcompany.asaplive.dk\/?page_id=342"},"modified":"2025-12-05T09:25:20","modified_gmt":"2025-12-05T09:25:20","slug":"health-cases","status":"publish","type":"page","link":"https:\/\/yourcompany.asaplive.dk\/en\/health-cases\/","title":{"rendered":"Personal injury cases"},"content":{"rendered":"<div data-elementor-type=\"wp-page\" data-elementor-id=\"342\" class=\"elementor elementor-342\" data-elementor-post-type=\"page\">\n\t\t\t\t<div class=\"elementor-element elementor-element-87b73df e-flex e-con-boxed e-con e-parent\" data-id=\"87b73df\" data-element_type=\"container\" data-settings=\"{&quot;background_background&quot;:&quot;classic&quot;}\">\n\t\t\t\t\t<div class=\"e-con-inner\">\n\t\t<div class=\"elementor-element elementor-element-4704e446 e-con-full e-flex elementor-invisible e-con e-child\" data-id=\"4704e446\" data-element_type=\"container\" data-settings=\"{&quot;animation&quot;:&quot;fadeInUp&quot;,&quot;animation_delay&quot;:200}\">\n\t\t\t\t<div class=\"elementor-element elementor-element-32d651f7 exad-sticky-section-no exad-glass-effect-no elementor-widget elementor-widget-heading\" data-id=\"32d651f7\" data-element_type=\"widget\" data-widget_type=\"heading.default\">\n\t\t\t\t\t<h6 class=\"elementor-heading-title elementor-size-default\">Personal injury cases<\/h6>\t\t\t\t<\/div>\n\t\t\t\t<div class=\"elementor-element elementor-element-559f1b3d exad-sticky-section-no exad-glass-effect-no elementor-widget elementor-widget-heading\" data-id=\"559f1b3d\" data-element_type=\"widget\" data-widget_type=\"heading.default\">\n\t\t\t\t\t<h1 class=\"elementor-heading-title elementor-size-default\">Professional and ethical investigation of personal injury cases<\/h1>\t\t\t\t<\/div>\n\t\t\t\t<\/div>\n\t\t<div class=\"elementor-element elementor-element-29396b97 e-con-full e-flex elementor-invisible e-con e-child\" data-id=\"29396b97\" data-element_type=\"container\" data-settings=\"{&quot;animation&quot;:&quot;fadeInUp&quot;,&quot;animation_delay&quot;:400}\">\n\t\t\t\t<div class=\"elementor-element elementor-element-7804cbd2 exad-sticky-section-no exad-glass-effect-no elementor-widget elementor-widget-text-editor\" data-id=\"7804cbd2\" data-element_type=\"widget\" data-widget_type=\"text-editor.default\">\n\t\t\t\t\t\t\t\t\t<p class=\"p1\">Suspected fraud in reported cases of loss of earning capacity, reduced mobility and the like unfortunately occurs. Often these cases have extensive financial consequences for both the policyholder and the insurance company. In these cases, it is important to conduct a professional and ethical investigation that respects the sensitive nature of the cases.<\/p><p class=\"p1\">yourCompany has extensive experience in documenting these types of cases. Whether it's gathering information from the internet, vehicle investigations, witness interviews or observation, we can take on the task.<\/p>\t\t\t\t\t\t\t\t<\/div>\n\t\t\t\t<div class=\"elementor-element elementor-element-24c57fd exad-sticky-section-no exad-glass-effect-no elementor-widget elementor-widget-button\" data-id=\"24c57fd\" data-element_type=\"widget\" data-widget_type=\"button.default\">\n\t\t\t\t\t\t\t\t\t\t<a class=\"elementor-button elementor-button-link elementor-size-sm elementor-animation-grow\" href=\"https:\/\/yourcompany.asaplive.dk\/en\/contact\/\">\n\t\t\t\t\t\t<span class=\"elementor-button-content-wrapper\">\n\t\t\t\t\t\t\t\t\t<span class=\"elementor-button-text\">Contact us here<\/span>\n\t\t\t\t\t<\/span>\n\t\t\t\t\t<\/a>\n\t\t\t\t\t\t\t\t<\/div>\n\t\t\t\t<\/div>\n\t\t\t\t\t<\/div>\n\t\t\t\t<\/div>\n\t\t<div class=\"elementor-element elementor-element-2af69ac3 e-con-full e-flex e-con e-parent\" data-id=\"2af69ac3\" data-element_type=\"container\" data-settings=\"{&quot;background_background&quot;:&quot;classic&quot;}\">\n\t\t\t\t<div class=\"elementor-element elementor-element-53adf748 elementor-widget__width-inherit animated-slow exad-sticky-section-no exad-glass-effect-no elementor-invisible elementor-widget elementor-widget-image\" data-id=\"53adf748\" data-element_type=\"widget\" data-settings=\"{&quot;motion_fx_motion_fx_scrolling&quot;:&quot;yes&quot;,&quot;motion_fx_translateY_effect&quot;:&quot;yes&quot;,&quot;motion_fx_translateY_affectedRange&quot;:{&quot;unit&quot;:&quot;%&quot;,&quot;size&quot;:&quot;&quot;,&quot;sizes&quot;:{&quot;start&quot;:30,&quot;end&quot;:100}},&quot;_animation&quot;:&quot;fadeIn&quot;,&quot;_animation_delay&quot;:1000,&quot;motion_fx_translateY_speed&quot;:{&quot;unit&quot;:&quot;px&quot;,&quot;size&quot;:4,&quot;sizes&quot;:[]},&quot;motion_fx_devices&quot;:[&quot;desktop&quot;,&quot;tablet&quot;,&quot;mobile&quot;]}\" data-widget_type=\"image.default\">\n\t\t\t\t\t\t\t\t\t\t\t\t\t\t\t<img fetchpriority=\"high\" decoding=\"async\" width=\"2560\" height=\"1707\" src=\"https:\/\/yourcompany.asaplive.dk\/wp-content\/uploads\/2025\/11\/helbredssager-scaled.jpg\" class=\"attachment-full size-full wp-image-850\" alt=\"\" srcset=\"https:\/\/yourcompany.asaplive.dk\/wp-content\/uploads\/2025\/11\/helbredssager-scaled.jpg 2560w, https:\/\/yourcompany.asaplive.dk\/wp-content\/uploads\/2025\/11\/helbredssager-300x200.jpg 300w, https:\/\/yourcompany.asaplive.dk\/wp-content\/uploads\/2025\/11\/helbredssager-1024x683.jpg 1024w, https:\/\/yourcompany.asaplive.dk\/wp-content\/uploads\/2025\/11\/helbredssager-768x512.jpg 768w, https:\/\/yourcompany.asaplive.dk\/wp-content\/uploads\/2025\/11\/helbredssager-1536x1024.jpg 1536w, https:\/\/yourcompany.asaplive.dk\/wp-content\/uploads\/2025\/11\/helbredssager-2048x1365.jpg 2048w\" sizes=\"(max-width: 2560px) 100vw, 2560px\" \/>\t\t\t\t\t\t\t\t\t\t\t\t\t\t\t<\/div>\n\t\t\t\t<\/div>\n\t\t<div class=\"elementor-element elementor-element-caa5784 e-con-full e-flex e-con e-parent\" data-id=\"caa5784\" data-element_type=\"container\">\n\t\t\t\t<div class=\"elementor-element elementor-element-c955ed2 elementor-widget__width-inherit exad-sticky-section-no exad-glass-effect-no elementor-widget elementor-widget-heading\" data-id=\"c955ed2\" data-element_type=\"widget\" data-widget_type=\"heading.default\">\n\t\t\t\t\t<h3 class=\"elementor-heading-title elementor-size-default\">Keep up with the latest cases and\nupdates from yourCompany<\/h3>\t\t\t\t<\/div>\n\t\t\t\t<\/div>\n\t\t<div class=\"elementor-element elementor-element-33efb3e e-con-full e-flex e-con e-parent\" data-id=\"33efb3e\" data-element_type=\"container\">\n\t\t\t\t<div class=\"elementor-element elementor-element-3b2df56 elementor-grid-3 elementor-grid-tablet-2 elementor-grid-mobile-1 exad-sticky-section-no exad-glass-effect-no elementor-widget elementor-widget-loop-grid\" data-id=\"3b2df56\" data-element_type=\"widget\" data-settings=\"{&quot;template_id&quot;:140,&quot;alternate_template&quot;:&quot;yes&quot;,&quot;_skin&quot;:&quot;post&quot;,&quot;columns&quot;:&quot;3&quot;,&quot;columns_tablet&quot;:&quot;2&quot;,&quot;columns_mobile&quot;:&quot;1&quot;,&quot;edit_handle_selector&quot;:&quot;[data-elementor-type=\\&quot;loop-item\\&quot;]&quot;,&quot;row_gap&quot;:{&quot;unit&quot;:&quot;px&quot;,&quot;size&quot;:&quot;&quot;,&quot;sizes&quot;:[]},&quot;row_gap_tablet&quot;:{&quot;unit&quot;:&quot;px&quot;,&quot;size&quot;:&quot;&quot;,&quot;sizes&quot;:[]},&quot;row_gap_mobile&quot;:{&quot;unit&quot;:&quot;px&quot;,&quot;size&quot;:&quot;&quot;,&quot;sizes&quot;:[]}}\" data-widget_type=\"loop-grid.post\">\n\t\t\t\t<div class=\"elementor-widget-container\">\n\t\t\t\t\t\t\t<div class=\"elementor-loop-container elementor-grid\" role=\"list\">\n\t\t<style id=\"loop-1337\">.elementor-1337 .elementor-element.elementor-element-20371f61{--display:flex;--justify-content:flex-end;border-style:solid;--border-style:solid;border-width:1px 1px 1px 1px;--border-top-width:1px;--border-right-width:1px;--border-bottom-width:1px;--border-left-width:1px;border-color:var( --e-global-color-e4c0eb9 );--border-color:var( --e-global-color-e4c0eb9 );--padding-top:10%;--padding-bottom:10%;--padding-left:10%;--padding-right:10%;}.elementor-widget-theme-post-title .elementor-heading-title{font-family:var( --e-global-typography-primary-font-family ), Sans-serif;font-weight:var( --e-global-typography-primary-font-weight );color:var( --e-global-color-primary );}.elementor-1337 .elementor-element.elementor-element-632c4333 .elementor-heading-title{font-family:\"Open Sans\", Sans-serif;font-weight:600;line-height:1.2lh;color:var( --e-global-color-e4c0eb9 );}.elementor-widget-theme-post-excerpt{font-family:var( --e-global-typography-text-font-family ), Sans-serif;font-weight:var( --e-global-typography-text-font-weight );color:var( --e-global-color-text );}.elementor-1337 .elementor-element.elementor-element-438bce26{font-family:\"Open Sans\", Sans-serif;font-size:1rem;font-weight:400;line-height:1lh;color:var( --e-global-color-e4c0eb9 );}.elementor-widget-button .elementor-button{background-color:var( --e-global-color-accent );font-family:var( --e-global-typography-accent-font-family ), Sans-serif;font-weight:var( --e-global-typography-accent-font-weight );}.elementor-1337 .elementor-element.elementor-element-1f5fb7c3 .elementor-button{background-color:#00000000;font-family:\"Open Sans\", Sans-serif;font-size:1.1rem;font-weight:500;fill:var( --e-global-color-e4c0eb9 );color:var( --e-global-color-e4c0eb9 );border-style:solid;border-width:0px 0px 1px 0px;border-color:var( --e-global-color-accent );border-radius:0px 0px 0px 0px;padding:0px 0px 9px 0px;}<\/style>\t\t<div data-elementor-type=\"loop-item\" data-elementor-id=\"1337\" class=\"elementor elementor-1337 elementor-repeater-item-bb036f4 e-loop-item e-loop-item-16831 post-16831 post type-post status-publish format-standard has-post-thumbnail hentry category-nyheder tag-beskyttelse tag-dokumentation tag-efterforsker tag-fra-tillid-til-trussel tag-insiderkriminalitet tag-intern-svindel tag-interne-undersoegelser tag-it tag-kunder tag-leverandoerer tag-retsvidenskab tag-sikkerhed tag-sikkerhedsvirksomhed tag-svindel tag-systemer\" data-elementor-post-type=\"elementor_library\" data-custom-edit-handle=\"1\">\n\t\t\t<div class=\"elementor-element elementor-element-20371f61 e-flex e-con-boxed e-con e-parent\" data-id=\"20371f61\" data-element_type=\"container\">\n\t\t\t\t\t<div class=\"e-con-inner\">\n\t\t\t\t<div class=\"elementor-element elementor-element-632c4333 exad-sticky-section-no exad-glass-effect-no elementor-widget elementor-widget-theme-post-title elementor-page-title elementor-widget-heading\" data-id=\"632c4333\" data-element_type=\"widget\" data-widget_type=\"theme-post-title.default\">\n\t\t\t\t\t<h4 class=\"elementor-heading-title elementor-size-default\">Insider crime and internal investigations: When trust becomes a threat<\/h4>\t\t\t\t<\/div>\n\t\t\t\t<div class=\"elementor-element elementor-element-1f5fb7c3 exad-sticky-section-no exad-glass-effect-no elementor-widget elementor-widget-button\" data-id=\"1f5fb7c3\" data-element_type=\"widget\" data-widget_type=\"button.default\">\n\t\t\t\t\t\t\t\t\t\t<a class=\"elementor-button elementor-button-link elementor-size-sm elementor-animation-grow\" href=\"https:\/\/yourcompany.asaplive.dk\/en\/insiderkriminalitet-og-interne-undersoegelser-naar-tillid-bliver-en-trussel\/\">\n\t\t\t\t\t\t<span class=\"elementor-button-content-wrapper\">\n\t\t\t\t\t\t\t\t\t<span class=\"elementor-button-text\">Read more about it<\/span>\n\t\t\t\t\t<\/span>\n\t\t\t\t\t<\/a>\n\t\t\t\t\t\t\t\t<\/div>\n\t\t\t\t\t<\/div>\n\t\t\t\t<\/div>\n\t\t\t\t<\/div>\n\t\t<style id=\"loop-154\">.elementor-154 .elementor-element.elementor-element-2132e7e4{--display:flex;--justify-content:flex-end;border-style:solid;--border-style:solid;border-width:1px 1px 1px 1px;--border-top-width:1px;--border-right-width:1px;--border-bottom-width:1px;--border-left-width:1px;border-color:var( --e-global-color-text );--border-color:var( --e-global-color-text );--padding-top:10%;--padding-bottom:10%;--padding-left:10%;--padding-right:10%;}.elementor-154 .elementor-element.elementor-element-2132e7e4:not(.elementor-motion-effects-element-type-background), .elementor-154 .elementor-element.elementor-element-2132e7e4 > .elementor-motion-effects-container > .elementor-motion-effects-layer{background-color:var( --e-global-color-primary );}.elementor-widget-theme-post-title .elementor-heading-title{font-family:var( --e-global-typography-primary-font-family ), Sans-serif;font-weight:var( --e-global-typography-primary-font-weight );color:var( --e-global-color-primary );}.elementor-154 .elementor-element.elementor-element-52418020 .elementor-heading-title{font-family:\"Open Sans\", Sans-serif;font-weight:600;line-height:1.2lh;color:var( --e-global-color-e4c0eb9 );}.elementor-widget-theme-post-excerpt{font-family:var( --e-global-typography-text-font-family ), Sans-serif;font-weight:var( --e-global-typography-text-font-weight );color:var( --e-global-color-text );}.elementor-154 .elementor-element.elementor-element-27a0ef5{font-family:\"Open Sans\", Sans-serif;font-weight:400;color:var( --e-global-color-e4c0eb9 );}.elementor-widget-button .elementor-button{background-color:var( --e-global-color-accent );font-family:var( --e-global-typography-accent-font-family ), Sans-serif;font-weight:var( --e-global-typography-accent-font-weight );}.elementor-154 .elementor-element.elementor-element-48e915e9 .elementor-button{background-color:#00000000;font-family:\"Open Sans\", Sans-serif;font-size:1.1rem;font-weight:500;fill:var( --e-global-color-e4c0eb9 );color:var( --e-global-color-e4c0eb9 );border-style:solid;border-width:0px 0px 1px 0px;border-color:var( --e-global-color-accent );border-radius:0px 0px 0px 0px;padding:0px 0px 9px 0px;}<\/style>\t\t<div data-elementor-type=\"loop-item\" data-elementor-id=\"154\" class=\"elementor elementor-154 elementor-repeater-item-09f9276 e-loop-item e-loop-item-22 post-22 post type-post status-publish format-standard hentry category-autosager tag-forsikring tag-forsikringsefterforskning tag-forsikringssag tag-forsikringsselskab\" data-elementor-post-type=\"elementor_library\" data-custom-edit-handle=\"1\">\n\t\t\t<div class=\"elementor-element elementor-element-2132e7e4 e-flex e-con-boxed e-con e-parent\" data-id=\"2132e7e4\" data-element_type=\"container\" data-settings=\"{&quot;background_background&quot;:&quot;classic&quot;}\">\n\t\t\t\t\t<div class=\"e-con-inner\">\n\t\t\t\t<div class=\"elementor-element elementor-element-52418020 exad-sticky-section-no exad-glass-effect-no elementor-widget elementor-widget-theme-post-title elementor-page-title elementor-widget-heading\" data-id=\"52418020\" data-element_type=\"widget\" data-widget_type=\"theme-post-title.default\">\n\t\t\t\t\t<h4 class=\"elementor-heading-title elementor-size-default\">Stolen car found - before compensation was due<\/h4>\t\t\t\t<\/div>\n\t\t\t\t<div class=\"elementor-element elementor-element-27a0ef5 elementor-hidden-mobile exad-sticky-section-no exad-glass-effect-no elementor-widget elementor-widget-theme-post-excerpt\" data-id=\"27a0ef5\" data-element_type=\"widget\" data-widget_type=\"theme-post-excerpt.default\">\n\t\t\t\t\tAt yourCompany ApS, we love a good business case - especially when the insurance company, the customer and the police end up smiling. This happened last week when we located and secured a stolen Toyota\t\t\t\t<\/div>\n\t\t\t\t<div class=\"elementor-element elementor-element-48e915e9 exad-sticky-section-no exad-glass-effect-no elementor-widget elementor-widget-button\" data-id=\"48e915e9\" data-element_type=\"widget\" data-widget_type=\"button.default\">\n\t\t\t\t\t\t\t\t\t\t<a class=\"elementor-button elementor-button-link elementor-size-sm elementor-animation-grow\" href=\"https:\/\/yourcompany.asaplive.dk\/en\/stjalet-bil-fundet-for-erstatningen-skulle-udbetales\/\">\n\t\t\t\t\t\t<span class=\"elementor-button-content-wrapper\">\n\t\t\t\t\t\t\t\t\t<span class=\"elementor-button-text\">Read more about it<\/span>\n\t\t\t\t\t<\/span>\n\t\t\t\t\t<\/a>\n\t\t\t\t\t\t\t\t<\/div>\n\t\t\t\t\t<\/div>\n\t\t\t\t<\/div>\n\t\t\t\t<\/div>\n\t\t<style id=\"loop-160\">.elementor-160 .elementor-element.elementor-element-5c77dfc9{--display:flex;--justify-content:flex-end;border-style:solid;--border-style:solid;border-width:1px 1px 1px 1px;--border-top-width:1px;--border-right-width:1px;--border-bottom-width:1px;--border-left-width:1px;border-color:var( --e-global-color-secondary );--border-color:var( --e-global-color-secondary );--padding-top:10%;--padding-bottom:10%;--padding-left:10%;--padding-right:10%;}.elementor-160 .elementor-element.elementor-element-5c77dfc9:not(.elementor-motion-effects-element-type-background), .elementor-160 .elementor-element.elementor-element-5c77dfc9 > .elementor-motion-effects-container > .elementor-motion-effects-layer{background-color:var( --e-global-color-secondary );}.elementor-widget-theme-post-title .elementor-heading-title{font-family:var( --e-global-typography-primary-font-family ), Sans-serif;font-weight:var( --e-global-typography-primary-font-weight );color:var( --e-global-color-primary );}.elementor-160 .elementor-element.elementor-element-1a66937b .elementor-heading-title{font-family:\"Open Sans\", Sans-serif;font-weight:600;line-height:1.2lh;}.elementor-widget-theme-post-excerpt{font-family:var( --e-global-typography-text-font-family ), Sans-serif;font-weight:var( --e-global-typography-text-font-weight );color:var( --e-global-color-text );}.elementor-160 .elementor-element.elementor-element-a6663be{font-family:\"Open Sans\", Sans-serif;font-weight:400;}.elementor-widget-button .elementor-button{background-color:var( --e-global-color-accent );font-family:var( --e-global-typography-accent-font-family ), Sans-serif;font-weight:var( --e-global-typography-accent-font-weight );}.elementor-160 .elementor-element.elementor-element-637182ea .elementor-button{background-color:#00000000;font-family:\"Open Sans\", Sans-serif;font-size:1.1rem;font-weight:500;fill:var( --e-global-color-text );color:var( --e-global-color-text );border-style:solid;border-width:0px 0px 1px 0px;border-color:var( --e-global-color-text );border-radius:0px 0px 0px 0px;padding:0px 0px 9px 0px;}<\/style>\t\t<div data-elementor-type=\"loop-item\" data-elementor-id=\"160\" class=\"elementor elementor-160 elementor-repeater-item-ea9f4f8 e-loop-item e-loop-item-19 post-19 post type-post status-publish format-standard hentry category-autosager\" data-elementor-post-type=\"elementor_library\" data-custom-edit-handle=\"1\">\n\t\t\t<div class=\"elementor-element elementor-element-5c77dfc9 e-flex e-con-boxed e-con e-parent\" data-id=\"5c77dfc9\" data-element_type=\"container\" data-settings=\"{&quot;background_background&quot;:&quot;classic&quot;}\">\n\t\t\t\t\t<div class=\"e-con-inner\">\n\t\t\t\t<div class=\"elementor-element elementor-element-1a66937b exad-sticky-section-no exad-glass-effect-no elementor-widget elementor-widget-theme-post-title elementor-page-title elementor-widget-heading\" data-id=\"1a66937b\" data-element_type=\"widget\" data-widget_type=\"theme-post-title.default\">\n\t\t\t\t\t<h4 class=\"elementor-heading-title elementor-size-default\">The best key reading system makes a difference again<\/h4>\t\t\t\t<\/div>\n\t\t\t\t<div class=\"elementor-element elementor-element-a6663be elementor-hidden-mobile exad-sticky-section-no exad-glass-effect-no elementor-widget elementor-widget-theme-post-excerpt\" data-id=\"a6663be\" data-element_type=\"widget\" data-widget_type=\"theme-post-excerpt.default\">\n\t\t\t\t\tMaybe you've heard of @Betfjord, but my guess is that you haven't. Betfjord is a Swedish car key engineering company that - in addition to producing security systems\t\t\t\t<\/div>\n\t\t\t\t<div class=\"elementor-element elementor-element-637182ea exad-sticky-section-no exad-glass-effect-no elementor-widget elementor-widget-button\" data-id=\"637182ea\" data-element_type=\"widget\" data-widget_type=\"button.default\">\n\t\t\t\t\t\t\t\t\t\t<a class=\"elementor-button elementor-button-link elementor-size-sm elementor-animation-grow\" href=\"https:\/\/yourcompany.asaplive.dk\/en\/the-best-screen-reading-system-makes-a-difference-again\/\">\n\t\t\t\t\t\t<span class=\"elementor-button-content-wrapper\">\n\t\t\t\t\t\t\t\t\t<span class=\"elementor-button-text\">Read more about it<\/span>\n\t\t\t\t\t<\/span>\n\t\t\t\t\t<\/a>\n\t\t\t\t\t\t\t\t<\/div>\n\t\t\t\t\t<\/div>\n\t\t\t\t<\/div>\n\t\t\t\t<\/div>\n\t\t\t\t<\/div>\n\t\t\n\t\t\t\t\t\t<\/div>\n\t\t\t\t<\/div>\n\t\t\t\t<\/div>\n\t\t\t\t<\/div>","protected":false},"excerpt":{"rendered":"<p>Personskadesager Professionel og etisk efterforskning af personskadesager Mistanke om svindel i anmeldte sager om tabt arbejdsevne, nedsat bev\u00e6gelighed og lignende forekommer desv\u00e6rre. Ofte har disse sager omfattende \u00f8konomiske konsekvenser for b\u00e5de forsikringstager og forsikringsselskab. I disse sager det vigtigt at foretage en professionel og etisk forsvarlig efterforskning, der respekterer sagernes \u00f8mt\u00e5lelige karakter. yourCompany har stor [&hellip;]<\/p>","protected":false},"author":1,"featured_media":0,"parent":0,"menu_order":0,"comment_status":"closed","ping_status":"closed","template":"elementor_header_footer","meta":{"footnotes":""},"class_list":["post-342","page","type-page","status-publish","hentry"],"_links":{"self":[{"href":"https:\/\/yourcompany.asaplive.dk\/en\/wp-json\/wp\/v2\/pages\/342","targetHints":{"allow":["GET"]}}],"collection":[{"href":"https:\/\/yourcompany.asaplive.dk\/en\/wp-json\/wp\/v2\/pages"}],"about":[{"href":"https:\/\/yourcompany.asaplive.dk\/en\/wp-json\/wp\/v2\/types\/page"}],"author":[{"embeddable":true,"href":"https:\/\/yourcompany.asaplive.dk\/en\/wp-json\/wp\/v2\/users\/1"}],"replies":[{"embeddable":true,"href":"https:\/\/yourcompany.asaplive.dk\/en\/wp-json\/wp\/v2\/comments?post=342"}],"version-history":[{"count":29,"href":"https:\/\/yourcompany.asaplive.dk\/en\/wp-json\/wp\/v2\/pages\/342\/revisions"}],"predecessor-version":[{"id":1766,"href":"https:\/\/yourcompany.asaplive.dk\/en\/wp-json\/wp\/v2\/pages\/342\/revisions\/1766"}],"wp:attachment":[{"href":"https:\/\/yourcompany.asaplive.dk\/en\/wp-json\/wp\/v2\/media?parent=342"}],"curies":[{"name":"wp","href":"https:\/\/api.w.org\/{rel}","templated":true}]}}