{"id":224,"date":"2025-11-11T13:13:25","date_gmt":"2025-11-11T13:13:25","guid":{"rendered":"https:\/\/yourcompany.asaplive.dk\/?page_id=224"},"modified":"2025-12-05T07:27:30","modified_gmt":"2025-12-05T07:27:30","slug":"about-yourcompany","status":"publish","type":"page","link":"https:\/\/yourcompany.asaplive.dk\/en\/about-yourcompany\/","title":{"rendered":"About YourCompany"},"content":{"rendered":"<div data-elementor-type=\"wp-page\" data-elementor-id=\"224\" class=\"elementor elementor-224\" data-elementor-post-type=\"page\">\n\t\t\t\t<div class=\"elementor-element elementor-element-3befbf9f e-flex e-con-boxed e-con e-parent\" data-id=\"3befbf9f\" data-element_type=\"container\" data-settings=\"{&quot;background_background&quot;:&quot;classic&quot;}\">\n\t\t\t\t\t<div class=\"e-con-inner\">\n\t\t<div class=\"elementor-element elementor-element-6b138fcd e-con-full e-flex elementor-invisible e-con e-child\" data-id=\"6b138fcd\" data-element_type=\"container\" data-settings=\"{&quot;animation&quot;:&quot;fadeInUp&quot;,&quot;animation_delay&quot;:200}\">\n\t\t\t\t<div class=\"elementor-element elementor-element-6baa5bb4 exad-sticky-section-no exad-glass-effect-no elementor-widget elementor-widget-heading\" data-id=\"6baa5bb4\" data-element_type=\"widget\" data-widget_type=\"heading.default\">\n\t\t\t\t\t<h6 class=\"elementor-heading-title elementor-size-default\">Who we are<\/h6>\t\t\t\t<\/div>\n\t\t\t\t<div class=\"elementor-element elementor-element-4e42e4a2 exad-sticky-section-no exad-glass-effect-no elementor-widget elementor-widget-heading\" data-id=\"4e42e4a2\" data-element_type=\"widget\" data-widget_type=\"heading.default\">\n\t\t\t\t\t<h1 class=\"elementor-heading-title elementor-size-default\">Partners in more ways than one<\/h1>\t\t\t\t<\/div>\n\t\t\t\t<\/div>\n\t\t<div class=\"elementor-element elementor-element-4d373197 e-con-full e-flex elementor-invisible e-con e-child\" data-id=\"4d373197\" data-element_type=\"container\" data-settings=\"{&quot;animation&quot;:&quot;fadeInUp&quot;,&quot;animation_delay&quot;:400}\">\n\t\t\t\t<div class=\"elementor-element elementor-element-2829d51c exad-sticky-section-no exad-glass-effect-no elementor-widget elementor-widget-text-editor\" data-id=\"2829d51c\" data-element_type=\"widget\" data-widget_type=\"text-editor.default\">\n\t\t\t\t\t\t\t\t\t<p class=\"p1\">Peace of mind for businesses is the most important thing we offer. We do this with a range of services and expertise that help businesses prevent and combat all forms of fraud, theft, loss of revenue and loss of customers.<\/p><p class=\"p1\"><br \/>Always individually tailored to your business. Always delivered by skilled employees who typically have experience from the police or intelligence services. Preferably by providing part-time security managers or staff to companies that achieve high expertise and variable costs through outsourcing. And always backed by a full team of experienced specialists.<\/p><p class=\"p1\"><br \/>We know everyday life in companies like yours. We know how important it is to consider employees and customers when developing systems and solving specific tasks. We understand the need for complete confidentiality - and we take pride in being your trusted partner in the fight against fraud and for a better bottom line. It's no coincidence that we're called yourCompany.<\/p><p class=\"p1\"><br \/>Founded in 2016, YourCompany is headquartered in Greve, but covers the whole country with permanent consultants and advisors.<\/p>\t\t\t\t\t\t\t\t<\/div>\n\t\t\t\t<\/div>\n\t\t\t\t\t<\/div>\n\t\t\t\t<\/div>\n\t\t<div class=\"elementor-element elementor-element-610493eb e-con-full e-flex e-con e-parent\" data-id=\"610493eb\" data-element_type=\"container\" data-settings=\"{&quot;background_background&quot;:&quot;classic&quot;}\">\n\t\t\t\t<div class=\"elementor-element elementor-element-46129efa elementor-widget__width-inherit exad-sticky-section-no exad-glass-effect-no elementor-invisible elementor-widget elementor-widget-image\" data-id=\"46129efa\" data-element_type=\"widget\" data-settings=\"{&quot;motion_fx_motion_fx_scrolling&quot;:&quot;yes&quot;,&quot;motion_fx_translateY_effect&quot;:&quot;yes&quot;,&quot;motion_fx_translateY_affectedRange&quot;:{&quot;unit&quot;:&quot;%&quot;,&quot;size&quot;:&quot;&quot;,&quot;sizes&quot;:{&quot;start&quot;:30,&quot;end&quot;:100}},&quot;_animation&quot;:&quot;fadeIn&quot;,&quot;_animation_delay&quot;:1000,&quot;motion_fx_translateY_speed&quot;:{&quot;unit&quot;:&quot;px&quot;,&quot;size&quot;:4,&quot;sizes&quot;:[]},&quot;motion_fx_devices&quot;:[&quot;desktop&quot;,&quot;tablet&quot;,&quot;mobile&quot;]}\" data-widget_type=\"image.default\">\n\t\t\t\t\t\t\t\t\t\t\t\t\t\t\t<img fetchpriority=\"high\" decoding=\"async\" width=\"2560\" height=\"1707\" src=\"https:\/\/yourcompany.asaplive.dk\/wp-content\/uploads\/2025\/11\/charlesdeluvio-Lks7vei-eAg-unsplash-scaled.jpg\" class=\"attachment-full size-full wp-image-77\" alt=\"\" srcset=\"https:\/\/yourcompany.asaplive.dk\/wp-content\/uploads\/2025\/11\/charlesdeluvio-Lks7vei-eAg-unsplash-scaled.jpg 2560w, https:\/\/yourcompany.asaplive.dk\/wp-content\/uploads\/2025\/11\/charlesdeluvio-Lks7vei-eAg-unsplash-300x200.jpg 300w, https:\/\/yourcompany.asaplive.dk\/wp-content\/uploads\/2025\/11\/charlesdeluvio-Lks7vei-eAg-unsplash-1024x683.jpg 1024w, https:\/\/yourcompany.asaplive.dk\/wp-content\/uploads\/2025\/11\/charlesdeluvio-Lks7vei-eAg-unsplash-768x512.jpg 768w, https:\/\/yourcompany.asaplive.dk\/wp-content\/uploads\/2025\/11\/charlesdeluvio-Lks7vei-eAg-unsplash-1536x1024.jpg 1536w, https:\/\/yourcompany.asaplive.dk\/wp-content\/uploads\/2025\/11\/charlesdeluvio-Lks7vei-eAg-unsplash-2048x1365.jpg 2048w\" sizes=\"(max-width: 2560px) 100vw, 2560px\" \/>\t\t\t\t\t\t\t\t\t\t\t\t\t\t\t<\/div>\n\t\t\t\t<\/div>\n\t\t<div class=\"elementor-element elementor-element-bae23d5 e-flex e-con-boxed e-con e-parent\" data-id=\"bae23d5\" data-element_type=\"container\" data-settings=\"{&quot;background_background&quot;:&quot;classic&quot;}\">\n\t\t\t\t\t<div class=\"e-con-inner\">\n\t\t\t\t<div class=\"elementor-element elementor-element-c62a80b exad-sticky-section-no exad-glass-effect-no elementor-invisible elementor-widget elementor-widget-heading\" data-id=\"c62a80b\" data-element_type=\"widget\" data-settings=\"{&quot;_animation&quot;:&quot;fadeIn&quot;,&quot;_animation_delay&quot;:200}\" data-widget_type=\"heading.default\">\n\t\t\t\t\t<h3 class=\"elementor-heading-title elementor-size-default\">About yourCompany<\/h3>\t\t\t\t<\/div>\n\t\t\t\t<div class=\"elementor-element elementor-element-306e1c9 exad-sticky-section-no exad-glass-effect-no elementor-widget elementor-widget-text-editor\" data-id=\"306e1c9\" data-element_type=\"widget\" data-widget_type=\"text-editor.default\">\n\t\t\t\t\t\t\t\t\t<p class=\"p1\">Our core competence is to limit shrinkage and losses in all types of businesses and especially insurance companies. Our offer is to make security an investment instead of a cost. And our ambition is that you can measure your daily cooperation with yourCompany directly on your bottom line.<\/p><p class=\"p1\"><b>Who is the yourCompany team?<br \/><\/b>The department currently consists of 7 employees with backgrounds from the police, insurance industry and other relevant fields.<\/p>\t\t\t\t\t\t\t\t<\/div>\n\t\t\t\t\t<\/div>\n\t\t\t\t<\/div>\n\t\t<div class=\"elementor-element elementor-element-525b10b animated-slow e-flex e-con-boxed elementor-invisible e-con e-parent\" data-id=\"525b10b\" data-element_type=\"container\" data-settings=\"{&quot;background_background&quot;:&quot;classic&quot;,&quot;animation&quot;:&quot;fadeInUp&quot;,&quot;animation_delay&quot;:200}\">\n\t\t\t\t\t<div class=\"e-con-inner\">\n\t\t<div class=\"elementor-element elementor-element-f3a2755 e-con-full e-flex e-con e-child\" data-id=\"f3a2755\" data-element_type=\"container\">\n\t\t\t\t<div class=\"elementor-element elementor-element-489a65d exad-sticky-section-no exad-glass-effect-no elementor-widget elementor-widget-image\" data-id=\"489a65d\" data-element_type=\"widget\" data-widget_type=\"image.default\">\n\t\t\t\t\t\t\t\t\t\t\t\t\t\t\t<img decoding=\"async\" width=\"800\" height=\"591\" src=\"https:\/\/yourcompany.asaplive.dk\/wp-content\/uploads\/2025\/11\/Screenshot-2025-11-20-at-14.35.01-1024x756.png\" class=\"attachment-large size-large wp-image-826\" alt=\"\" srcset=\"https:\/\/yourcompany.asaplive.dk\/wp-content\/uploads\/2025\/11\/Screenshot-2025-11-20-at-14.35.01-1024x756.png 1024w, https:\/\/yourcompany.asaplive.dk\/wp-content\/uploads\/2025\/11\/Screenshot-2025-11-20-at-14.35.01-300x222.png 300w, https:\/\/yourcompany.asaplive.dk\/wp-content\/uploads\/2025\/11\/Screenshot-2025-11-20-at-14.35.01-768x567.png 768w, https:\/\/yourcompany.asaplive.dk\/wp-content\/uploads\/2025\/11\/Screenshot-2025-11-20-at-14.35.01.png 1330w\" sizes=\"(max-width: 800px) 100vw, 800px\" \/>\t\t\t\t\t\t\t\t\t\t\t\t\t\t\t<\/div>\n\t\t\t\t<\/div>\n\t\t<div class=\"elementor-element elementor-element-e4b8f9d e-con-full e-flex e-con e-child\" data-id=\"e4b8f9d\" data-element_type=\"container\">\n\t\t\t\t<div class=\"elementor-element elementor-element-574b8ac elementor-widget__width-inherit exad-sticky-section-no exad-glass-effect-no elementor-widget elementor-widget-heading\" data-id=\"574b8ac\" data-element_type=\"widget\" data-widget_type=\"heading.default\">\n\t\t\t\t\t<h6 class=\"elementor-heading-title elementor-size-default\">OWNER, MANAGER AND CEO<\/h6>\t\t\t\t<\/div>\n\t\t\t\t<div class=\"elementor-element elementor-element-3fb76f1 exad-sticky-section-no exad-glass-effect-no elementor-widget elementor-widget-heading\" data-id=\"3fb76f1\" data-element_type=\"widget\" data-widget_type=\"heading.default\">\n\t\t\t\t\t<h2 class=\"elementor-heading-title elementor-size-default\">Christian Pejtersen<\/h2>\t\t\t\t<\/div>\n\t\t\t\t<div class=\"elementor-element elementor-element-124beef exad-sticky-section-no exad-glass-effect-no elementor-widget elementor-widget-text-editor\" data-id=\"124beef\" data-element_type=\"widget\" data-widget_type=\"text-editor.default\">\n\t\t\t\t\t\t\t\t\t<p class=\"p1\">Christian Pejtersen is the founder of yourCompany. He is a trained police officer, has worked 8 years in PET with international relations and has been employed as a security manager in the construction industry. Today, he focuses on companies' challenges around fraud and fraud. He actively works for greater synergies between private companies, the insurance industry, trade associations and public authorities in an effort to make things a little better tomorrow than they were yesterday.<\/p>\t\t\t\t\t\t\t\t<\/div>\n\t\t\t\t<div class=\"elementor-element elementor-element-f772d5b elementor-mobile-align-left exad-sticky-section-no exad-glass-effect-no elementor-widget elementor-widget-button\" data-id=\"f772d5b\" data-element_type=\"widget\" data-widget_type=\"button.default\">\n\t\t\t\t\t\t\t\t\t\t<a class=\"elementor-button elementor-button-link elementor-size-sm elementor-animation-grow\" href=\"https:\/\/yourcompany.asaplive.dk\/en\/contact\/\">\n\t\t\t\t\t\t<span class=\"elementor-button-content-wrapper\">\n\t\t\t\t\t\t\t\t\t<span class=\"elementor-button-text\">Contact us here<\/span>\n\t\t\t\t\t<\/span>\n\t\t\t\t\t<\/a>\n\t\t\t\t\t\t\t\t<\/div>\n\t\t\t\t<\/div>\n\t\t\t\t\t<\/div>\n\t\t\t\t<\/div>\n\t\t<div class=\"elementor-element elementor-element-7d95c69 e-con-full e-flex e-con e-parent\" data-id=\"7d95c69\" data-element_type=\"container\">\n\t\t\t\t<div class=\"elementor-element elementor-element-5d47ca6 elementor-widget__width-inherit exad-sticky-section-no exad-glass-effect-no elementor-widget elementor-widget-heading\" data-id=\"5d47ca6\" data-element_type=\"widget\" data-widget_type=\"heading.default\">\n\t\t\t\t\t<h3 class=\"elementor-heading-title elementor-size-default\">Keep up with the latest cases and\nupdates from yourCompany<\/h3>\t\t\t\t<\/div>\n\t\t\t\t<\/div>\n\t\t<div class=\"elementor-element elementor-element-e5ab808 e-con-full e-flex e-con e-parent\" data-id=\"e5ab808\" data-element_type=\"container\">\n\t\t\t\t<div class=\"elementor-element elementor-element-645bc77 elementor-grid-3 elementor-grid-tablet-2 elementor-grid-mobile-1 exad-sticky-section-no exad-glass-effect-no elementor-widget elementor-widget-loop-grid\" data-id=\"645bc77\" data-element_type=\"widget\" data-settings=\"{&quot;template_id&quot;:140,&quot;alternate_template&quot;:&quot;yes&quot;,&quot;_skin&quot;:&quot;post&quot;,&quot;columns&quot;:&quot;3&quot;,&quot;columns_tablet&quot;:&quot;2&quot;,&quot;columns_mobile&quot;:&quot;1&quot;,&quot;edit_handle_selector&quot;:&quot;[data-elementor-type=\\&quot;loop-item\\&quot;]&quot;,&quot;row_gap&quot;:{&quot;unit&quot;:&quot;px&quot;,&quot;size&quot;:&quot;&quot;,&quot;sizes&quot;:[]},&quot;row_gap_tablet&quot;:{&quot;unit&quot;:&quot;px&quot;,&quot;size&quot;:&quot;&quot;,&quot;sizes&quot;:[]},&quot;row_gap_mobile&quot;:{&quot;unit&quot;:&quot;px&quot;,&quot;size&quot;:&quot;&quot;,&quot;sizes&quot;:[]}}\" data-widget_type=\"loop-grid.post\">\n\t\t\t\t<div class=\"elementor-widget-container\">\n\t\t\t\t\t\t\t<div class=\"elementor-loop-container elementor-grid\" role=\"list\">\n\t\t<style id=\"loop-1337\">.elementor-1337 .elementor-element.elementor-element-20371f61{--display:flex;--justify-content:flex-end;border-style:solid;--border-style:solid;border-width:1px 1px 1px 1px;--border-top-width:1px;--border-right-width:1px;--border-bottom-width:1px;--border-left-width:1px;border-color:var( --e-global-color-e4c0eb9 );--border-color:var( --e-global-color-e4c0eb9 );--padding-top:10%;--padding-bottom:10%;--padding-left:10%;--padding-right:10%;}.elementor-widget-theme-post-title .elementor-heading-title{font-family:var( --e-global-typography-primary-font-family ), Sans-serif;font-weight:var( --e-global-typography-primary-font-weight );color:var( --e-global-color-primary );}.elementor-1337 .elementor-element.elementor-element-632c4333 .elementor-heading-title{font-family:\"Open Sans\", Sans-serif;font-weight:600;line-height:1.2lh;color:var( --e-global-color-e4c0eb9 );}.elementor-widget-theme-post-excerpt{font-family:var( --e-global-typography-text-font-family ), Sans-serif;font-weight:var( --e-global-typography-text-font-weight );color:var( --e-global-color-text );}.elementor-1337 .elementor-element.elementor-element-438bce26{font-family:\"Open Sans\", Sans-serif;font-size:1rem;font-weight:400;line-height:1lh;color:var( --e-global-color-e4c0eb9 );}.elementor-widget-button .elementor-button{background-color:var( --e-global-color-accent );font-family:var( --e-global-typography-accent-font-family ), Sans-serif;font-weight:var( --e-global-typography-accent-font-weight );}.elementor-1337 .elementor-element.elementor-element-1f5fb7c3 .elementor-button{background-color:#00000000;font-family:\"Open Sans\", Sans-serif;font-size:1.1rem;font-weight:500;fill:var( --e-global-color-e4c0eb9 );color:var( --e-global-color-e4c0eb9 );border-style:solid;border-width:0px 0px 1px 0px;border-color:var( --e-global-color-accent );border-radius:0px 0px 0px 0px;padding:0px 0px 9px 0px;}<\/style>\t\t<div data-elementor-type=\"loop-item\" data-elementor-id=\"1337\" class=\"elementor elementor-1337 elementor-repeater-item-bb036f4 e-loop-item e-loop-item-16831 post-16831 post type-post status-publish format-standard has-post-thumbnail hentry category-nyheder tag-beskyttelse tag-dokumentation tag-efterforsker tag-fra-tillid-til-trussel tag-insiderkriminalitet tag-intern-svindel tag-interne-undersoegelser tag-it tag-kunder tag-leverandoerer tag-retsvidenskab tag-sikkerhed tag-sikkerhedsvirksomhed tag-svindel tag-systemer\" data-elementor-post-type=\"elementor_library\" data-custom-edit-handle=\"1\">\n\t\t\t<div class=\"elementor-element elementor-element-20371f61 e-flex e-con-boxed e-con e-parent\" data-id=\"20371f61\" data-element_type=\"container\">\n\t\t\t\t\t<div class=\"e-con-inner\">\n\t\t\t\t<div class=\"elementor-element elementor-element-632c4333 exad-sticky-section-no exad-glass-effect-no elementor-widget elementor-widget-theme-post-title elementor-page-title elementor-widget-heading\" data-id=\"632c4333\" data-element_type=\"widget\" data-widget_type=\"theme-post-title.default\">\n\t\t\t\t\t<h4 class=\"elementor-heading-title elementor-size-default\">Insider crime and internal investigations: When trust becomes a threat<\/h4>\t\t\t\t<\/div>\n\t\t\t\t<div class=\"elementor-element elementor-element-1f5fb7c3 exad-sticky-section-no exad-glass-effect-no elementor-widget elementor-widget-button\" data-id=\"1f5fb7c3\" data-element_type=\"widget\" data-widget_type=\"button.default\">\n\t\t\t\t\t\t\t\t\t\t<a class=\"elementor-button elementor-button-link elementor-size-sm elementor-animation-grow\" href=\"https:\/\/yourcompany.asaplive.dk\/en\/insiderkriminalitet-og-interne-undersoegelser-naar-tillid-bliver-en-trussel\/\">\n\t\t\t\t\t\t<span class=\"elementor-button-content-wrapper\">\n\t\t\t\t\t\t\t\t\t<span class=\"elementor-button-text\">Read more about it<\/span>\n\t\t\t\t\t<\/span>\n\t\t\t\t\t<\/a>\n\t\t\t\t\t\t\t\t<\/div>\n\t\t\t\t\t<\/div>\n\t\t\t\t<\/div>\n\t\t\t\t<\/div>\n\t\t<style id=\"loop-154\">.elementor-154 .elementor-element.elementor-element-2132e7e4{--display:flex;--justify-content:flex-end;border-style:solid;--border-style:solid;border-width:1px 1px 1px 1px;--border-top-width:1px;--border-right-width:1px;--border-bottom-width:1px;--border-left-width:1px;border-color:var( --e-global-color-text );--border-color:var( --e-global-color-text );--padding-top:10%;--padding-bottom:10%;--padding-left:10%;--padding-right:10%;}.elementor-154 .elementor-element.elementor-element-2132e7e4:not(.elementor-motion-effects-element-type-background), .elementor-154 .elementor-element.elementor-element-2132e7e4 > .elementor-motion-effects-container > .elementor-motion-effects-layer{background-color:var( --e-global-color-primary );}.elementor-widget-theme-post-title .elementor-heading-title{font-family:var( --e-global-typography-primary-font-family ), Sans-serif;font-weight:var( --e-global-typography-primary-font-weight );color:var( --e-global-color-primary );}.elementor-154 .elementor-element.elementor-element-52418020 .elementor-heading-title{font-family:\"Open Sans\", Sans-serif;font-weight:600;line-height:1.2lh;color:var( --e-global-color-e4c0eb9 );}.elementor-widget-theme-post-excerpt{font-family:var( --e-global-typography-text-font-family ), Sans-serif;font-weight:var( --e-global-typography-text-font-weight );color:var( --e-global-color-text );}.elementor-154 .elementor-element.elementor-element-27a0ef5{font-family:\"Open Sans\", Sans-serif;font-weight:400;color:var( --e-global-color-e4c0eb9 );}.elementor-widget-button .elementor-button{background-color:var( --e-global-color-accent );font-family:var( --e-global-typography-accent-font-family ), Sans-serif;font-weight:var( --e-global-typography-accent-font-weight );}.elementor-154 .elementor-element.elementor-element-48e915e9 .elementor-button{background-color:#00000000;font-family:\"Open Sans\", Sans-serif;font-size:1.1rem;font-weight:500;fill:var( --e-global-color-e4c0eb9 );color:var( --e-global-color-e4c0eb9 );border-style:solid;border-width:0px 0px 1px 0px;border-color:var( --e-global-color-accent );border-radius:0px 0px 0px 0px;padding:0px 0px 9px 0px;}<\/style>\t\t<div data-elementor-type=\"loop-item\" data-elementor-id=\"154\" class=\"elementor elementor-154 elementor-repeater-item-09f9276 e-loop-item e-loop-item-22 post-22 post type-post status-publish format-standard hentry category-autosager tag-forsikring tag-forsikringsefterforskning tag-forsikringssag tag-forsikringsselskab\" data-elementor-post-type=\"elementor_library\" data-custom-edit-handle=\"1\">\n\t\t\t<div class=\"elementor-element elementor-element-2132e7e4 e-flex e-con-boxed e-con e-parent\" data-id=\"2132e7e4\" data-element_type=\"container\" data-settings=\"{&quot;background_background&quot;:&quot;classic&quot;}\">\n\t\t\t\t\t<div class=\"e-con-inner\">\n\t\t\t\t<div class=\"elementor-element elementor-element-52418020 exad-sticky-section-no exad-glass-effect-no elementor-widget elementor-widget-theme-post-title elementor-page-title elementor-widget-heading\" data-id=\"52418020\" data-element_type=\"widget\" data-widget_type=\"theme-post-title.default\">\n\t\t\t\t\t<h4 class=\"elementor-heading-title elementor-size-default\">Stolen car found - before compensation was due<\/h4>\t\t\t\t<\/div>\n\t\t\t\t<div class=\"elementor-element elementor-element-27a0ef5 elementor-hidden-mobile exad-sticky-section-no exad-glass-effect-no elementor-widget elementor-widget-theme-post-excerpt\" data-id=\"27a0ef5\" data-element_type=\"widget\" data-widget_type=\"theme-post-excerpt.default\">\n\t\t\t\t\tAt yourCompany ApS, we love a good business case - especially when the insurance company, the customer and the police end up smiling. This happened last week when we located and secured a stolen Toyota\t\t\t\t<\/div>\n\t\t\t\t<div class=\"elementor-element elementor-element-48e915e9 exad-sticky-section-no exad-glass-effect-no elementor-widget elementor-widget-button\" data-id=\"48e915e9\" data-element_type=\"widget\" data-widget_type=\"button.default\">\n\t\t\t\t\t\t\t\t\t\t<a class=\"elementor-button elementor-button-link elementor-size-sm elementor-animation-grow\" href=\"https:\/\/yourcompany.asaplive.dk\/en\/stjalet-bil-fundet-for-erstatningen-skulle-udbetales\/\">\n\t\t\t\t\t\t<span class=\"elementor-button-content-wrapper\">\n\t\t\t\t\t\t\t\t\t<span class=\"elementor-button-text\">Read more about it<\/span>\n\t\t\t\t\t<\/span>\n\t\t\t\t\t<\/a>\n\t\t\t\t\t\t\t\t<\/div>\n\t\t\t\t\t<\/div>\n\t\t\t\t<\/div>\n\t\t\t\t<\/div>\n\t\t<style id=\"loop-160\">.elementor-160 .elementor-element.elementor-element-5c77dfc9{--display:flex;--justify-content:flex-end;border-style:solid;--border-style:solid;border-width:1px 1px 1px 1px;--border-top-width:1px;--border-right-width:1px;--border-bottom-width:1px;--border-left-width:1px;border-color:var( --e-global-color-secondary );--border-color:var( --e-global-color-secondary );--padding-top:10%;--padding-bottom:10%;--padding-left:10%;--padding-right:10%;}.elementor-160 .elementor-element.elementor-element-5c77dfc9:not(.elementor-motion-effects-element-type-background), .elementor-160 .elementor-element.elementor-element-5c77dfc9 > .elementor-motion-effects-container > .elementor-motion-effects-layer{background-color:var( --e-global-color-secondary );}.elementor-widget-theme-post-title .elementor-heading-title{font-family:var( --e-global-typography-primary-font-family ), Sans-serif;font-weight:var( --e-global-typography-primary-font-weight );color:var( --e-global-color-primary );}.elementor-160 .elementor-element.elementor-element-1a66937b .elementor-heading-title{font-family:\"Open Sans\", Sans-serif;font-weight:600;line-height:1.2lh;}.elementor-widget-theme-post-excerpt{font-family:var( --e-global-typography-text-font-family ), Sans-serif;font-weight:var( --e-global-typography-text-font-weight );color:var( --e-global-color-text );}.elementor-160 .elementor-element.elementor-element-a6663be{font-family:\"Open Sans\", Sans-serif;font-weight:400;}.elementor-widget-button .elementor-button{background-color:var( --e-global-color-accent );font-family:var( --e-global-typography-accent-font-family ), Sans-serif;font-weight:var( --e-global-typography-accent-font-weight );}.elementor-160 .elementor-element.elementor-element-637182ea .elementor-button{background-color:#00000000;font-family:\"Open Sans\", Sans-serif;font-size:1.1rem;font-weight:500;fill:var( --e-global-color-text );color:var( --e-global-color-text );border-style:solid;border-width:0px 0px 1px 0px;border-color:var( --e-global-color-text );border-radius:0px 0px 0px 0px;padding:0px 0px 9px 0px;}<\/style>\t\t<div data-elementor-type=\"loop-item\" data-elementor-id=\"160\" class=\"elementor elementor-160 elementor-repeater-item-ea9f4f8 e-loop-item e-loop-item-19 post-19 post type-post status-publish format-standard hentry category-autosager\" data-elementor-post-type=\"elementor_library\" data-custom-edit-handle=\"1\">\n\t\t\t<div class=\"elementor-element elementor-element-5c77dfc9 e-flex e-con-boxed e-con e-parent\" data-id=\"5c77dfc9\" data-element_type=\"container\" data-settings=\"{&quot;background_background&quot;:&quot;classic&quot;}\">\n\t\t\t\t\t<div class=\"e-con-inner\">\n\t\t\t\t<div class=\"elementor-element elementor-element-1a66937b exad-sticky-section-no exad-glass-effect-no elementor-widget elementor-widget-theme-post-title elementor-page-title elementor-widget-heading\" data-id=\"1a66937b\" data-element_type=\"widget\" data-widget_type=\"theme-post-title.default\">\n\t\t\t\t\t<h4 class=\"elementor-heading-title elementor-size-default\">The best key reading system makes a difference again<\/h4>\t\t\t\t<\/div>\n\t\t\t\t<div class=\"elementor-element elementor-element-a6663be elementor-hidden-mobile exad-sticky-section-no exad-glass-effect-no elementor-widget elementor-widget-theme-post-excerpt\" data-id=\"a6663be\" data-element_type=\"widget\" data-widget_type=\"theme-post-excerpt.default\">\n\t\t\t\t\tMaybe you've heard of @Betfjord, but my guess is that you haven't. Betfjord is a Swedish car key engineering company that - in addition to producing security systems\t\t\t\t<\/div>\n\t\t\t\t<div class=\"elementor-element elementor-element-637182ea exad-sticky-section-no exad-glass-effect-no elementor-widget elementor-widget-button\" data-id=\"637182ea\" data-element_type=\"widget\" data-widget_type=\"button.default\">\n\t\t\t\t\t\t\t\t\t\t<a class=\"elementor-button elementor-button-link elementor-size-sm elementor-animation-grow\" href=\"https:\/\/yourcompany.asaplive.dk\/en\/the-best-screen-reading-system-makes-a-difference-again\/\">\n\t\t\t\t\t\t<span class=\"elementor-button-content-wrapper\">\n\t\t\t\t\t\t\t\t\t<span class=\"elementor-button-text\">Read more about it<\/span>\n\t\t\t\t\t<\/span>\n\t\t\t\t\t<\/a>\n\t\t\t\t\t\t\t\t<\/div>\n\t\t\t\t\t<\/div>\n\t\t\t\t<\/div>\n\t\t\t\t<\/div>\n\t\t\t\t<\/div>\n\t\t\n\t\t\t\t\t\t<\/div>\n\t\t\t\t<\/div>\n\t\t\t\t<\/div>\n\t\t\t\t<\/div>","protected":false},"excerpt":{"rendered":"<p>Hvem er VI Samarbejdspartner p\u00e5 flere m\u00e5der Tryghed til virksomheder er det vigtigste, vi tilbyder. Det g\u00f8r vi med en r\u00e6kke services og ekspertiser, der hj\u00e6lper virksomheder med at at forebygge og bek\u00e6mpe alle former for svind, tyveri, tab af indt\u00e6gter og tab af kunder. Altid individuelt tilpasset jeres virksomhed. Altid leveret af dygtige medarbejdere, [&hellip;]<\/p>","protected":false},"author":1,"featured_media":0,"parent":0,"menu_order":0,"comment_status":"closed","ping_status":"closed","template":"elementor_header_footer","meta":{"footnotes":""},"class_list":["post-224","page","type-page","status-publish","hentry"],"_links":{"self":[{"href":"https:\/\/yourcompany.asaplive.dk\/en\/wp-json\/wp\/v2\/pages\/224","targetHints":{"allow":["GET"]}}],"collection":[{"href":"https:\/\/yourcompany.asaplive.dk\/en\/wp-json\/wp\/v2\/pages"}],"about":[{"href":"https:\/\/yourcompany.asaplive.dk\/en\/wp-json\/wp\/v2\/types\/page"}],"author":[{"embeddable":true,"href":"https:\/\/yourcompany.asaplive.dk\/en\/wp-json\/wp\/v2\/users\/1"}],"replies":[{"embeddable":true,"href":"https:\/\/yourcompany.asaplive.dk\/en\/wp-json\/wp\/v2\/comments?post=224"}],"version-history":[{"count":94,"href":"https:\/\/yourcompany.asaplive.dk\/en\/wp-json\/wp\/v2\/pages\/224\/revisions"}],"predecessor-version":[{"id":1736,"href":"https:\/\/yourcompany.asaplive.dk\/en\/wp-json\/wp\/v2\/pages\/224\/revisions\/1736"}],"wp:attachment":[{"href":"https:\/\/yourcompany.asaplive.dk\/en\/wp-json\/wp\/v2\/media?parent=224"}],"curies":[{"name":"wp","href":"https:\/\/api.w.org\/{rel}","templated":true}]}}