{"id":399,"date":"2025-11-16T14:20:41","date_gmt":"2025-11-16T14:20:41","guid":{"rendered":"https:\/\/yourcompany.asaplive.dk\/?page_id=399"},"modified":"2025-11-28T13:24:52","modified_gmt":"2025-11-28T13:24:52","slug":"cookiepolitik","status":"publish","type":"page","link":"https:\/\/yourcompany.asaplive.dk\/de\/cookiepolitik\/","title":{"rendered":"Cookie-Politik"},"content":{"rendered":"<div data-elementor-type=\"wp-page\" data-elementor-id=\"399\" class=\"elementor elementor-399\" data-elementor-post-type=\"page\">\n\t\t\t\t<div class=\"elementor-element elementor-element-f3f8152 e-flex e-con-boxed e-con e-parent\" data-id=\"f3f8152\" data-element_type=\"container\">\n\t\t\t\t\t<div class=\"e-con-inner\">\n\t\t\t\t<div class=\"elementor-element elementor-element-6907b796 exad-sticky-section-no exad-glass-effect-no elementor-widget elementor-widget-theme-post-title elementor-page-title elementor-widget-heading\" data-id=\"6907b796\" data-element_type=\"widget\" data-widget_type=\"theme-post-title.default\">\n\t\t\t\t\t<h2 class=\"elementor-heading-title elementor-size-default\">Cookie-Politik<\/h2>\t\t\t\t<\/div>\n\t\t\t\t\t<\/div>\n\t\t\t\t<\/div>\n\t\t<div class=\"elementor-element elementor-element-554e82ef e-flex e-con-boxed e-con e-parent\" data-id=\"554e82ef\" data-element_type=\"container\">\n\t\t\t\t\t<div class=\"e-con-inner\">\n\t\t\t\t<div class=\"elementor-element elementor-element-88083b5 exad-sticky-section-no exad-glass-effect-no elementor-widget elementor-widget-text-editor\" data-id=\"88083b5\" data-element_type=\"widget\" data-widget_type=\"text-editor.default\">\n\t\t\t\t\t\t\t\t\t<p><i>Denne cookiepolitik blev sidst opdateret 6. december 2023 og g\u00e6lder borgere i Det Europ\u00e6iske \u00d8konomiske Samarbejdsomr\u00e5de.<\/i><\/p><h5><br \/>1. Introduktion<\/h5><p>Vores websted,\u00a0<a href=\"https:\/\/yourcompany.dk\/\">https:\/\/yourcompany.dk<\/a>\u00a0(i det f\u00f8lgende: \u201cwebstedet\u201d) bruger cookies og andre relaterede teknologier (for nemheds skyld ben\u00e6vnes alle teknologier \u201ccookies\u201d). Cookies placeres ogs\u00e5 af tredjepart, vi har engageret. I dokumentet herunder informerer vi dig om brugen af \u200b\u200bcookies p\u00e5 vores websted.<\/p><h5><br \/>2. Hvad er cookies?<\/h5><p>En cookie er en lille tekst fil, der sendes sammen med sider p\u00e5 webstedet, og som er gemt i din browser p\u00e5 din computer eller enhed. Informationen i cookien kan blive sendt til vores eller relevante tredjeparts servere, n\u00e5r du bes\u00f8ger siden igen.<\/p><h5><br \/>3. Hvad er scripts?<\/h5><p>Et script er et stump kode, der g\u00f8r, at vores websted fungerer ordentligt og som forventet. Denne kode afvikles enten p\u00e5 vores server eller p\u00e5 din enhed.<\/p><h5><br \/>4. Hvad er en web beacon?<\/h5><p>Et web beacon (eller pixel tag) er en lille stump tekst eller billede p\u00e5 et websted, der bruges til at over\u00e5ge trafikken p\u00e5 webstedet. For at g\u00f8re det, bliver der gemt forskellige data om dig i web beacons.<\/p><h5><br \/>5. Cookies<\/h5><p class=\"cmplz-subtitle\"><strong>\u2014 5.1 Tekniske eller funktionelle cookies<\/strong><\/p><p>Nogle cookies sikrer, at visse dele af webstedet fungerer korrekt, og at dine brugerpr\u00e6ferencer forbliver kendte. Ved at placere funktionelle cookies g\u00f8r vi det lettere for dig at bes\u00f8ge vores websted. P\u00e5 denne m\u00e5de beh\u00f8ver du ikke gentagne gange at indtaste de samme oplysninger, n\u00e5r du bes\u00f8ger vores websted, og for eksempel forbliver varerne i din indk\u00f8bskurv, indtil du har betalt. Vi kan placere disse cookies uden dit samtykke.<\/p><p class=\"cmplz-subtitle\"><strong>\u2014 5.2 Analysecookies<\/strong><\/p><p>Vi bruger analytiske cookies til at optimere webstedsoplevelsen for vores brugere. Med disse analytiske cookies f\u00e5r vi indsigt i brugen af \u200b\u200bvores websted.\u00a0Vi beder din tilladelse til at placere analytiske cookies.<\/p><p class=\"cmplz-subtitle\"><strong>\u2014 5.3 Marketing- \/ sporingscookies<\/strong><\/p><p>Marketing \u2013 \/ sporingscookies eller hvilken som helst anden form for lokal datalagring, som bruges til at udarbejde brugerprofiler med henblik p\u00e5 annoncering eller p\u00e5 at f\u00f8lge brugeren p\u00e5 dette websted eller p\u00e5 tv\u00e6rs af flere websteder med lignende markedsf\u00f8ringsform\u00e5l.<\/p><p class=\"cmplz-subtitle\"><strong>\u2014 5.4 Sociale medier<\/strong><\/p><p>P\u00e5 vores websted har vi inkluderet indhold fra Facebook for at promovere websider (f.eks. \u201clike\u201d, \u201cpin\u201d) eller dele (f.eks. \u201ctweet\u201d) p\u00e5 sociale netv\u00e6rk som Facebook. Dette indhold er indlejret med kode fra Facebook og placerer cookies. Dette indhold kan gemme og behandle visse oplysninger til personlig annoncering.<\/p><p>L\u00e6s fortrolighedserkl\u00e6ringen p\u00e5 de sociale netv\u00e6rk (som kan \u00e6ndres regelm\u00e6ssigt) for at l\u00e6se, hvad de g\u00f8r med dine (personlige) data, som de behandler ved hj\u00e6lp af disse cookies. De data, der hentes, anonymiseres s\u00e5 meget som muligt. Facebook befinder sig i USA.<\/p><h2><em><strong>MANGLER 6+7 toggles<\/strong><\/em><\/h2><h5>8. Aktivering\/deaktivering og sletning af cookies<\/h5><p>Du kan bruge din internetbrowser til automatisk eller manuelt at slette cookies. Du kan ogs\u00e5 specificere, at visse cookies muligvis ikke placeres. En anden mulighed er at \u00e6ndre indstillingerne for din internetbrowser, s\u00e5 du modtager en besked, hver gang en cookie placeres. For mere information om disse indstillinger, se instruktionerne i Hj\u00e6lp-afsnittet i din browser.<\/p><p>Bem\u00e6rk, at vores websted muligvis ikke fungerer korrekt, hvis alle cookies er deaktiverede. Hvis du sletter cookies i din browser, placeres de igen efter dit samtykke, n\u00e5r du atter bes\u00f8ger vores websteder.<\/p><h5><br \/>9. Dine rettigheder med hensyn til personlige data<\/h5><p>Du har f\u00f8lgende rettigheder med hensyn til dine personlige data:<\/p><ul><li>Du har ret til at vide, hvorfor dine personlige data er n\u00f8dvendige, hvad der vil ske med dem, og hvor l\u00e6nge de bliver opbevaret.<\/li><li>Ret til adgang: Du har ret til at f\u00e5 adgang til dine personlige data, der er kendt af os.<\/li><li>Ret til rettelse: Du har ret til at supplere, rette, slette eller blokere dine personlige data, n\u00e5r du \u00f8nsker det.<\/li><li>Hvis du giver os dit samtykke til at behandle dine data, har du ret til at tilbagekalde dette samtykke og til at slette dine personlige data.<\/li><li>Ret til at overf\u00f8re dine data: Du har ret til at anmode om alle dine personlige data fra den Behandlingsansvarlige og overf\u00f8re dem i sin helhed til en anden Behandlingsansvarlig.<\/li><li>Ret til indsigelse: du kan g\u00f8re indsigelse mod behandlingen af \u200b\u200bdine data. Vi efterkommer dette, medmindre der er berettigede grunde til behandling.<\/li><\/ul><p>Kontakt os for at ud\u00f8ve disse rettigheder. Se kontaktoplysningerne nederst i denne cookiepolitik. Hvis du har en klage over, hvordan vi h\u00e5ndterer dine data, vil vi gerne h\u00f8re fra dig, men du har ogs\u00e5 ret til at indsende en klage til tilsynsmyndigheden (Datatilsynet).<\/p><h5><br \/>10. Kontaktdetaljer<\/h5><p>Kontakt os venligst ved hj\u00e6lp af f\u00f8lgende kontaktoplysninger vedr\u00f8rende sp\u00f8rgsm\u00e5l og \/ eller kommentarer om vores cookiepolitik og denne erkl\u00e6ring:<\/p><p><span class=\"cmplz-contact-organisation\">yourCompany ApS<\/span><br \/><span class=\"cmplz-contact-address\">Korskildeeng 4, 1. tv<br \/>2670 Greve<\/span><br \/><span class=\"cmplz-contact-country\">D\u00e4nemark<\/span><br \/>Internet side:\u00a0<span class=\"cmplz-contact-domain\"><a href=\"https:\/\/yourcompany.dk\/\">https:\/\/yourcompany.dk<\/a><\/span><br \/>Email:\u00a0<span class=\"cmplz-contact-email\"><span class=\"cmplz-obfuscate\">info@yourcompany.dk<\/span><\/span><br \/><span class=\"cmplz-contact-telephone\">Telefonnummer 53534604<\/span><\/p><p>Denne cookiepolitik blev synkroniseret med\u00a0<a href=\"https:\/\/cookiedatabase.org\/\" target=\"_blank\" rel=\"nofollow noopener\">cookiedatabase.org<\/a>\u00a0p\u00e5 6. december 2023.<\/p>\t\t\t\t\t\t\t\t<\/div>\n\t\t\t\t\t<\/div>\n\t\t\t\t<\/div>\n\t\t\t\t<\/div>","protected":false},"excerpt":{"rendered":"<p>Denne cookiepolitik blev sidst opdateret 6. december 2023 og g\u00e6lder borgere i Det Europ\u00e6iske \u00d8konomiske Samarbejdsomr\u00e5de. 1. Introduktion Vores websted,\u00a0https:\/\/yourcompany.dk\u00a0(i det f\u00f8lgende: \u201cwebstedet\u201d) bruger cookies og andre relaterede teknologier (for nemheds skyld ben\u00e6vnes alle teknologier \u201ccookies\u201d). Cookies placeres ogs\u00e5 af tredjepart, vi har engageret. I dokumentet herunder informerer vi dig om brugen af \u200b\u200bcookies p\u00e5 [&hellip;]<\/p>","protected":false},"author":1,"featured_media":0,"parent":0,"menu_order":0,"comment_status":"closed","ping_status":"closed","template":"elementor_header_footer","meta":{"footnotes":""},"class_list":["post-399","page","type-page","status-publish","hentry"],"_links":{"self":[{"href":"https:\/\/yourcompany.asaplive.dk\/de\/wp-json\/wp\/v2\/pages\/399","targetHints":{"allow":["GET"]}}],"collection":[{"href":"https:\/\/yourcompany.asaplive.dk\/de\/wp-json\/wp\/v2\/pages"}],"about":[{"href":"https:\/\/yourcompany.asaplive.dk\/de\/wp-json\/wp\/v2\/types\/page"}],"author":[{"embeddable":true,"href":"https:\/\/yourcompany.asaplive.dk\/de\/wp-json\/wp\/v2\/users\/1"}],"replies":[{"embeddable":true,"href":"https:\/\/yourcompany.asaplive.dk\/de\/wp-json\/wp\/v2\/comments?post=399"}],"version-history":[{"count":7,"href":"https:\/\/yourcompany.asaplive.dk\/de\/wp-json\/wp\/v2\/pages\/399\/revisions"}],"predecessor-version":[{"id":1557,"href":"https:\/\/yourcompany.asaplive.dk\/de\/wp-json\/wp\/v2\/pages\/399\/revisions\/1557"}],"wp:attachment":[{"href":"https:\/\/yourcompany.asaplive.dk\/de\/wp-json\/wp\/v2\/media?parent=399"}],"curies":[{"name":"wp","href":"https:\/\/api.w.org\/{rel}","templated":true}]}}