{"id":3,"date":"2025-11-03T10:46:19","date_gmt":"2025-11-03T10:46:19","guid":{"rendered":"http:\/\/yourcompany.asaplive.dk\/?page_id=3"},"modified":"2025-11-28T13:23:57","modified_gmt":"2025-11-28T13:23:57","slug":"privacy-policy","status":"publish","type":"page","link":"https:\/\/yourcompany.asaplive.dk\/de\/privacy-policy\/","title":{"rendered":"Datenschutzbestimmungen"},"content":{"rendered":"<div data-elementor-type=\"wp-page\" data-elementor-id=\"3\" class=\"elementor elementor-3\" data-elementor-post-type=\"page\">\n\t\t\t\t<div class=\"elementor-element elementor-element-319fb1ca e-flex e-con-boxed e-con e-parent\" data-id=\"319fb1ca\" data-element_type=\"container\">\n\t\t\t\t\t<div class=\"e-con-inner\">\n\t\t\t\t<div class=\"elementor-element elementor-element-7ab83e1 exad-sticky-section-no exad-glass-effect-no elementor-widget elementor-widget-theme-post-title elementor-page-title elementor-widget-heading\" data-id=\"7ab83e1\" data-element_type=\"widget\" data-widget_type=\"theme-post-title.default\">\n\t\t\t\t\t<h1 class=\"elementor-heading-title elementor-size-default\">Datenschutzbestimmungen<\/h1>\t\t\t\t<\/div>\n\t\t\t\t\t<\/div>\n\t\t\t\t<\/div>\n\t\t<div class=\"elementor-element elementor-element-2a27cc59 e-flex e-con-boxed e-con e-parent\" data-id=\"2a27cc59\" data-element_type=\"container\">\n\t\t\t\t\t<div class=\"e-con-inner\">\n\t\t\t\t<div class=\"elementor-element elementor-element-8ad8d35 exad-sticky-section-no exad-glass-effect-no elementor-widget elementor-widget-text-editor\" data-id=\"8ad8d35\" data-element_type=\"widget\" data-widget_type=\"text-editor.default\">\n\t\t\t\t\t\t\t\t\t<h4 class=\"wp-block-heading\"><strong>Hvilke personlige data vi indsamler og hvorfor vi indsamler det?<\/strong><\/h4><h5 class=\"wp-block-heading\"><strong><br \/>Kontaktformularer<\/strong><\/h5><p>Vi kan indsamle f\u00f8lgende, n\u00e5r du skriver til os via kontaktformularerne: navn, e-mail, emne og besked. Vi beholder dataene fra kontaktformularindsendelsen i forbindelse med den videre kommunikation, og vi kan v\u00e6lge at bruge den indsendte information til markedsf\u00f8ring,<\/p><p>S\u00e5fremt du oplyser det indsamler vi f\u00f8lgende, n\u00e5r du tilmelder dig vores nyhedsbrev: e-mail og navn, virksomhed m.m. Vi beholder dataene men du kan afmelde dig vores nyhedsbrev n\u00e5r det \u00f8nskes, og vi kan bruge den oplyste information til markedsf\u00f8ring.<\/p><h5 class=\"wp-block-heading\"><strong><br \/>Cookies<\/strong><\/h5><p>Hvis du bes\u00f8ger vores websted, benytter vi os af cookies der fort\u00e6ller os om dit bes\u00f8g. Dette g\u00f8r vi for at m\u00e5lrette vores indhold p\u00e5 hjemmesiden og l\u00e6re mere om dig som potentiel kunde.<\/p><p>Det er muligt at slette eller blokere for cookies. Se evt. vejledning p\u00e5: http:\/\/minecookies.org\/cookiehandtering.<\/p><p>Hvis du sletter eller blokerer cookies vil annoncer kunne blive mindre relevante for dig og optr\u00e6de hyppigere. Du kan desuden risikere at websitet ikke fungerer optimalt samt at der er indhold, du ikke kan f\u00e5 adgang til.<\/p><h5 class=\"wp-block-heading\"><strong><br \/>Indlejret indhold fra andre websteder<\/strong><\/h5><p>Artikler p\u00e5 dette websted kan indeholde indlejret indhold (f.eks. videoer, billeder, artikler osv.). Indlejret indhold fra andre websteder opf\u00f8rer sig p\u00e5 n\u00f8jagtig samme m\u00e5de, som hvis den bes\u00f8gende har bes\u00f8gt det andet websted.<\/p><p>Disse websteder indsamler m\u00e5ske data om dig, bruger cookies, indlejrer ekstra tredjeparts sporing, og overv\u00e5ger din interaktion med dette indlejrede indhold, heriblandt at spore din interaktion med indlejret indhold, hvis du har en konto og en logget ind p\u00e5 det websted.<\/p><h5 class=\"wp-block-heading\"><strong><br \/>Analytics<\/strong><\/h5><p>Vi bruger Google Analytics til at lave statistikker for bes\u00f8g og brugeradf\u00e6rd p\u00e5 hjemmesiden. Vi gemmer disse data i 5 \u00e5r.<\/p><p>Google\u2019s privatlivspolitik findes her:\u00a0<a href=\"https:\/\/policies.google.com\/privacy\/update\" target=\"_blank\" rel=\"noreferrer noopener nofollow\">https:\/\/policies.google.com\/privacy\/update<\/a><\/p><h5 class=\"wp-block-heading\"><strong><br \/>Hvor l\u00e6nge vi gemmer dine data?<\/strong><\/h5><p>Vi gemmer som udgangspunkt ikke dine data mere end 5 \u00e5r fra dit sidste bes\u00f8ge eller kontakt med vores virksomhed.<\/p><h5 class=\"wp-block-heading\"><strong><br \/>Hvilke rettigheder har du over dine data?<\/strong><\/h5><p>Du kan bede om, at vi sletter alle personlige data, vi har om dig. Dette indbefatter ikke nogen form for data, som vi er forpligtede til at gemme af administrative, lovm\u00e6ssige eller sikkerhedsm\u00e6ssige grunde. S\u00e5fremt den til enhver tid g\u00e6ldende lovgivning tillader det kan der v\u00e6re et administrativt gebyr til sagsbehandling. Gebyret d\u00e6kker over den arbejdstid der g\u00e5r med at behandle din ans\u00f8gning. Denne kan fremsendes p\u00e5\u00a0<a href=\"mailto:info@yourcompany.dk\">info@yourcompany.dk<\/a><\/p><h5 class=\"wp-block-heading\"><strong><br \/>Hvor vi sender dine data hen?<\/strong><\/h5><p>Bes\u00f8gendes kommentarer kan muligvis blive kontrolleret af en automatisk spam-genkendelse tjeneste. Jeres data kan blive sendt til e-conomics regnskabsprogram, webCRM, Leadfeeder, IT operators eller andet IT system\/leverand\u00f8r der anvendes af yourCompany for at yde dig som kunde en god service.<\/p><h5 class=\"wp-block-heading\"><strong><br \/>Kontaktinformation for dataansvarlig<\/strong><\/h5><p>Har du sp\u00f8rgsm\u00e5l til dine data eller m\u00e5den, hvorp\u00e5 vi h\u00e5ndterer dine data \u2013 herunder eksport og sletning af disse \u2013 s\u00e5 kontakt os p\u00e5\u00a0<a href=\"mailto:info@yourcompany.dk\">info@yourcompany.dk<\/a><\/p><h4>\u00a0<\/h4><h4 class=\"wp-block-heading\"><strong>Yderligere information<\/strong><\/h4><h5 class=\"wp-block-heading\"><strong><br \/>Hvordan vi beskytter dine data?<\/strong><\/h5><p>Vi bruger kryptering; sikkerhedsprocedurer s\u00e5som to-faktor godkendelse til at beskytte dine data.<\/p><h5 class=\"wp-block-heading\"><strong><br \/>Hvilke databrudsprocedurer vi har p\u00e5 plads?<\/strong><\/h5><p>Til opdagelse af og h\u00e5ndteringen af databrud har vi et samarbejde med en professionel IT-leverand\u00f8r v. IT Operators<\/p><h5 class=\"wp-block-heading\"><strong><br \/>Hvilke tredjeparter vi modtager data fra?<\/strong><\/h5><p>Ingen.<\/p>\t\t\t\t\t\t\t\t<\/div>\n\t\t\t\t\t<\/div>\n\t\t\t\t<\/div>\n\t\t\t\t<\/div>","protected":false},"excerpt":{"rendered":"<p>Hvilke personlige data vi indsamler og hvorfor vi indsamler det? Kontaktformularer Vi kan indsamle f\u00f8lgende, n\u00e5r du skriver til os via kontaktformularerne: navn, e-mail, emne og besked. Vi beholder dataene fra kontaktformularindsendelsen i forbindelse med den videre kommunikation, og vi kan v\u00e6lge at bruge den indsendte information til markedsf\u00f8ring, S\u00e5fremt du oplyser det indsamler vi [&hellip;]<\/p>","protected":false},"author":1,"featured_media":0,"parent":0,"menu_order":0,"comment_status":"closed","ping_status":"open","template":"elementor_header_footer","meta":{"footnotes":""},"class_list":["post-3","page","type-page","status-publish","hentry"],"_links":{"self":[{"href":"https:\/\/yourcompany.asaplive.dk\/de\/wp-json\/wp\/v2\/pages\/3","targetHints":{"allow":["GET"]}}],"collection":[{"href":"https:\/\/yourcompany.asaplive.dk\/de\/wp-json\/wp\/v2\/pages"}],"about":[{"href":"https:\/\/yourcompany.asaplive.dk\/de\/wp-json\/wp\/v2\/types\/page"}],"author":[{"embeddable":true,"href":"https:\/\/yourcompany.asaplive.dk\/de\/wp-json\/wp\/v2\/users\/1"}],"replies":[{"embeddable":true,"href":"https:\/\/yourcompany.asaplive.dk\/de\/wp-json\/wp\/v2\/comments?post=3"}],"version-history":[{"count":10,"href":"https:\/\/yourcompany.asaplive.dk\/de\/wp-json\/wp\/v2\/pages\/3\/revisions"}],"predecessor-version":[{"id":1554,"href":"https:\/\/yourcompany.asaplive.dk\/de\/wp-json\/wp\/v2\/pages\/3\/revisions\/1554"}],"wp:attachment":[{"href":"https:\/\/yourcompany.asaplive.dk\/de\/wp-json\/wp\/v2\/media?parent=3"}],"curies":[{"name":"wp","href":"https:\/\/api.w.org\/{rel}","templated":true}]}}